{"id":269,"date":"2016-02-08T23:30:37","date_gmt":"2016-02-08T22:30:37","guid":{"rendered":"http:\/\/bertrandschmid.ch\/?page_id=269"},"modified":"2016-02-08T23:30:37","modified_gmt":"2016-02-08T22:30:37","slug":"contact","status":"publish","type":"page","link":"https:\/\/bertrandschmid.ch\/?page_id=269","title":{"rendered":"Contact"},"content":{"rendered":"<p>[contact-form to=&rsquo;info@bertrandschmid.ch&rsquo; subject=&rsquo;Contact sur le site&rsquo;][contact-field label=&rsquo;Nom&rsquo; type=&rsquo;name&rsquo; required=&rsquo;1&rsquo;\/][contact-field label=&rsquo;E-mail&rsquo; type=&#8217;email&rsquo; required=&rsquo;1&rsquo;\/][contact-field label=&rsquo;Message&rsquo; type=&rsquo;textarea&rsquo; required=&rsquo;1&rsquo;\/][\/contact-form]<\/p>\n","protected":false},"excerpt":{"rendered":"<p>[contact-form to=&rsquo;info@bertrandschmid.ch&rsquo; subject=&rsquo;Contact sur le site&rsquo;][contact-field label=&rsquo;Nom&rsquo; type=&rsquo;name&rsquo; required=&rsquo;1&rsquo;\/][contact-field label=&rsquo;E-mail&rsquo; type=&#8217;email&rsquo; required=&rsquo;1&rsquo;\/][contact-field label=&rsquo;Message&rsquo; type=&rsquo;textarea&rsquo; required=&rsquo;1&rsquo;\/][\/contact-form]<\/p>\n","protected":false},"author":1,"featured_media":0,"parent":0,"menu_order":0,"comment_status":"closed","ping_status":"closed","template":"","meta":{"_acf_changed":false,"jetpack_post_was_ever_published":false,"footnotes":""},"class_list":["post-269","page","type-page","status-publish","hentry"],"acf":[],"jetpack_sharing_enabled":true,"jetpack-related-posts":[{"id":178,"url":"https:\/\/bertrandschmid.ch\/?page_id=178","url_meta":{"origin":269,"position":0},"title":"Publications &#038; productions","author":"admin","date":"24 octobre 2012","format":false,"excerpt":"2012 Manuel M\u00fcller, sculpteur Collectif (Fran\u00e7oise Jaunin, Michel Th\u00e9voz, Jacques Chessex, Bertrand Schmid, Jean-Marie Reynier), \u00e9ditions Notari, 256 pages. Texte de pr\u00e9sentation (Indig\u00e8nes). Exposition La carafe d'eau du robinet est \u00e0 deux euros du Collectif Indig\u00e8ne (Andr\u00e9anne Oberson & Jean-Marie Reynier) au Local d'Art Contemporain de Vevey. Textes en musique.\u2026","rel":"","context":"Article similaire","block_context":{"text":"Article similaire","link":""},"img":{"alt_text":"Photo pr\u00e9sentant le livre vu de dessus","src":"https:\/\/i0.wp.com\/bertrandschmid.ch\/wp-content\/uploads\/2011\/10\/HPIM0388_2.jpg?resize=350%2C200","width":350,"height":200},"classes":[]}],"_links":{"self":[{"href":"https:\/\/bertrandschmid.ch\/index.php?rest_route=\/wp\/v2\/pages\/269","targetHints":{"allow":["GET"]}}],"collection":[{"href":"https:\/\/bertrandschmid.ch\/index.php?rest_route=\/wp\/v2\/pages"}],"about":[{"href":"https:\/\/bertrandschmid.ch\/index.php?rest_route=\/wp\/v2\/types\/page"}],"author":[{"embeddable":true,"href":"https:\/\/bertrandschmid.ch\/index.php?rest_route=\/wp\/v2\/users\/1"}],"replies":[{"embeddable":true,"href":"https:\/\/bertrandschmid.ch\/index.php?rest_route=%2Fwp%2Fv2%2Fcomments&post=269"}],"version-history":[{"count":1,"href":"https:\/\/bertrandschmid.ch\/index.php?rest_route=\/wp\/v2\/pages\/269\/revisions"}],"predecessor-version":[{"id":270,"href":"https:\/\/bertrandschmid.ch\/index.php?rest_route=\/wp\/v2\/pages\/269\/revisions\/270"}],"wp:attachment":[{"href":"https:\/\/bertrandschmid.ch\/index.php?rest_route=%2Fwp%2Fv2%2Fmedia&parent=269"}],"curies":[{"name":"wp","href":"https:\/\/api.w.org\/{rel}","templated":true}]}}